{"id":95,"date":"2025-09-09T21:10:15","date_gmt":"2025-09-09T21:10:15","guid":{"rendered":"https:\/\/paltasrodriguez.cl\/?page_id=95"},"modified":"2025-09-09T21:16:35","modified_gmt":"2025-09-09T21:16:35","slug":"productos","status":"publish","type":"page","link":"https:\/\/paltasrodriguez.cl\/?page_id=95","title":{"rendered":"Productos"},"content":{"rendered":"\n<p><\/p>\n\n\n\n<h3 class=\"wp-block-heading\">Paltas Chilenas<\/h3>\n\n\n\n<p>Las mejores variedades de palta nacional, cultivadas en los valles m\u00e1s f\u00e9rtiles de Chile. Perfectas en sabor, textura y valor nutricional.<\/p>\n\n\n\n<p><strong>Variedades disponibles:<\/strong><\/p>\n\n\n\n<ul class=\"wp-block-list\">\n<li>Hass (disponible todo el a\u00f1o)<\/li>\n\n\n\n<li>Fuerte (temporada espec\u00edfica)<\/li>\n\n\n\n<li>Otras variedades seg\u00fan temporada<\/li>\n<\/ul>\n\n\n\n<h3 class=\"wp-block-heading\">Paltas Peruanas<\/h3>\n\n\n\n<p>Importaci\u00f3n directa de paltas peruanas de calidad premium. Ideales para complementar la oferta durante todo el a\u00f1o.<\/p>\n\n\n\n<p><strong>Caracter\u00edsticas:<\/strong><\/p>\n\n\n\n<ul class=\"wp-block-list\">\n<li>Calibres uniformes<\/li>\n\n\n\n<li>Maduraci\u00f3n controlada<\/li>\n\n\n\n<li>Calidad de exportaci\u00f3n<\/li>\n<\/ul>\n","protected":false},"excerpt":{"rendered":"<p>Paltas Chilenas Las mejores variedades de palta nacional, cultivadas en los valles m\u00e1s f\u00e9rtiles de Chile. Perfectas en sabor, textura y valor nutricional. Variedades disponibles: Paltas Peruanas Importaci\u00f3n directa de paltas peruanas de calidad premium. Ideales para complementar la oferta durante todo el a\u00f1o. Caracter\u00edsticas:<\/p>\n","protected":false},"author":1,"featured_media":0,"parent":0,"menu_order":0,"comment_status":"closed","ping_status":"closed","template":"","meta":{"_eb_attr":"","footnotes":""},"class_list":["post-95","page","type-page","status-publish","hentry"],"_links":{"self":[{"href":"https:\/\/paltasrodriguez.cl\/index.php?rest_route=\/wp\/v2\/pages\/95","targetHints":{"allow":["GET"]}}],"collection":[{"href":"https:\/\/paltasrodriguez.cl\/index.php?rest_route=\/wp\/v2\/pages"}],"about":[{"href":"https:\/\/paltasrodriguez.cl\/index.php?rest_route=\/wp\/v2\/types\/page"}],"author":[{"embeddable":true,"href":"https:\/\/paltasrodriguez.cl\/index.php?rest_route=\/wp\/v2\/users\/1"}],"replies":[{"embeddable":true,"href":"https:\/\/paltasrodriguez.cl\/index.php?rest_route=%2Fwp%2Fv2%2Fcomments&post=95"}],"version-history":[{"count":2,"href":"https:\/\/paltasrodriguez.cl\/index.php?rest_route=\/wp\/v2\/pages\/95\/revisions"}],"predecessor-version":[{"id":98,"href":"https:\/\/paltasrodriguez.cl\/index.php?rest_route=\/wp\/v2\/pages\/95\/revisions\/98"}],"wp:attachment":[{"href":"https:\/\/paltasrodriguez.cl\/index.php?rest_route=%2Fwp%2Fv2%2Fmedia&parent=95"}],"curies":[{"name":"wp","href":"https:\/\/api.w.org\/{rel}","templated":true}]}}